{"id":1151,"date":"2025-04-26T11:43:04","date_gmt":"2025-04-26T09:43:04","guid":{"rendered":"https:\/\/www.makicoiffure.fr\/?page_id=1151"},"modified":"2025-11-26T15:44:19","modified_gmt":"2025-11-26T14:44:19","slug":"les-tissages","status":"publish","type":"page","link":"https:\/\/www.makicoiffure.fr\/index.php\/les-tissages\/","title":{"rendered":"Les tissages"},"content":{"rendered":"\t\t<div data-elementor-type=\"wp-page\" data-elementor-id=\"1151\" class=\"elementor elementor-1151\">\n\t\t\t\t<div class=\"elementor-element elementor-element-75cffa7c e-flex e-con-boxed wpr-particle-no wpr-jarallax-no wpr-parallax-no wpr-sticky-section-no wpr-equal-height-no e-con e-parent\" data-id=\"75cffa7c\" data-element_type=\"container\" data-e-type=\"container\">\n\t\t\t\t\t<div class=\"e-con-inner\">\n\t\t<div class=\"elementor-element elementor-element-11edfead e-con-full e-flex wpr-particle-no wpr-jarallax-no wpr-parallax-no wpr-sticky-section-no wpr-equal-height-no e-con e-child\" data-id=\"11edfead\" data-element_type=\"container\" data-e-type=\"container\">\n\t\t<div class=\"elementor-element elementor-element-4d30b7eb e-grid e-con-full wpr-particle-no wpr-jarallax-no wpr-parallax-no wpr-sticky-section-no wpr-equal-height-no e-con e-child\" data-id=\"4d30b7eb\" data-element_type=\"container\" data-e-type=\"container\">\n\t\t\t\t<div class=\"elementor-element elementor-element-04e8388 elementor-widget__width-inherit elementor-widget elementor-widget-image-carousel\" data-id=\"04e8388\" data-element_type=\"widget\" data-e-type=\"widget\" data-settings=\"{&quot;slides_to_show&quot;:&quot;1&quot;,&quot;navigation&quot;:&quot;none&quot;,&quot;autoplay_speed&quot;:1000,&quot;effect&quot;:&quot;fade&quot;,&quot;speed&quot;:300,&quot;autoplay&quot;:&quot;yes&quot;,&quot;pause_on_hover&quot;:&quot;yes&quot;,&quot;pause_on_interaction&quot;:&quot;yes&quot;,&quot;infinite&quot;:&quot;yes&quot;}\" data-widget_type=\"image-carousel.default\">\n\t\t\t\t<div class=\"elementor-widget-container\">\n\t\t\t\t\t\t\t<div class=\"elementor-image-carousel-wrapper swiper\" role=\"region\" aria-roledescription=\"carousel\" aria-label=\"Carrousel d\u2019images\" dir=\"ltr\">\n\t\t\t<div class=\"elementor-image-carousel swiper-wrapper swiper-image-stretch\" aria-live=\"off\">\n\t\t\t\t\t\t\t\t<div class=\"swiper-slide\" role=\"group\" aria-roledescription=\"slide\" aria-label=\"1 sur 8\"><figure class=\"swiper-slide-inner\"><img decoding=\"async\" class=\"swiper-slide-image\" src=\"https:\/\/www.makicoiffure.fr\/wp-content\/uploads\/2025\/04\/perruque.webp\" alt=\"perruque\" \/><\/figure><\/div><div class=\"swiper-slide\" role=\"group\" aria-roledescription=\"slide\" aria-label=\"2 sur 8\"><figure class=\"swiper-slide-inner\"><img decoding=\"async\" class=\"swiper-slide-image\" src=\"https:\/\/www.makicoiffure.fr\/wp-content\/uploads\/2025\/04\/Tissage-1.webp\" alt=\"Tissage\" \/><\/figure><\/div><div class=\"swiper-slide\" role=\"group\" aria-roledescription=\"slide\" aria-label=\"3 sur 8\"><figure class=\"swiper-slide-inner\"><img decoding=\"async\" class=\"swiper-slide-image\" src=\"https:\/\/www.makicoiffure.fr\/wp-content\/uploads\/2025\/04\/Tissage-3.webp\" alt=\"Tissage\" \/><\/figure><\/div><div class=\"swiper-slide\" role=\"group\" aria-roledescription=\"slide\" aria-label=\"4 sur 8\"><figure class=\"swiper-slide-inner\"><img decoding=\"async\" class=\"swiper-slide-image\" src=\"https:\/\/www.makicoiffure.fr\/wp-content\/uploads\/2025\/04\/Tissage-4.webp\" alt=\"Tissage\" \/><\/figure><\/div><div class=\"swiper-slide\" role=\"group\" aria-roledescription=\"slide\" aria-label=\"5 sur 8\"><figure class=\"swiper-slide-inner\"><img decoding=\"async\" class=\"swiper-slide-image\" src=\"https:\/\/www.makicoiffure.fr\/wp-content\/uploads\/2025\/04\/Tissage-7-1024x768.webp\" alt=\"Tissage\" \/><\/figure><\/div><div class=\"swiper-slide\" role=\"group\" aria-roledescription=\"slide\" aria-label=\"6 sur 8\"><figure class=\"swiper-slide-inner\"><img decoding=\"async\" class=\"swiper-slide-image\" src=\"https:\/\/www.makicoiffure.fr\/wp-content\/uploads\/2025\/04\/Tissage-11.webp\" alt=\"Tissage\" \/><\/figure><\/div><div class=\"swiper-slide\" role=\"group\" aria-roledescription=\"slide\" aria-label=\"7 sur 8\"><figure class=\"swiper-slide-inner\"><img decoding=\"async\" class=\"swiper-slide-image\" src=\"https:\/\/www.makicoiffure.fr\/wp-content\/uploads\/2025\/04\/Tissage-13.webp\" alt=\"Tissage\" \/><\/figure><\/div><div class=\"swiper-slide\" role=\"group\" aria-roledescription=\"slide\" aria-label=\"8 sur 8\"><figure class=\"swiper-slide-inner\"><img decoding=\"async\" class=\"swiper-slide-image\" src=\"https:\/\/www.makicoiffure.fr\/wp-content\/uploads\/2025\/04\/Tissage-16.webp\" alt=\"Tissage\" \/><\/figure><\/div>\t\t\t<\/div>\n\t\t\t\t\t\t\t\n\t\t\t\t\t\t\t\t\t<\/div>\n\t\t\t\t\t\t<\/div>\n\t\t\t\t<\/div>\n\t\t\t\t<div class=\"elementor-element elementor-element-4980d734 elementor-widget elementor-widget-text-editor\" data-id=\"4980d734\" data-element_type=\"widget\" data-e-type=\"widget\" data-widget_type=\"text-editor.default\">\n\t\t\t\t<div class=\"elementor-widget-container\">\n\t\t\t\t\t\t\t\t\t<p>Le\u00a0<a href=\"https:\/\/www.makicoiffure.fr\/index.php\/blog\/\"><strong class=\"LNTPh JtdkY\">tissage<\/strong>\u00a0est une technique<\/a> de coiffure populaire, particuli\u00e8rement chez les femmes aux cheveux cr\u00e9pus ou fris\u00e9s, mais elle est \u00e9galement adapt\u00e9e \u00e0 d&rsquo;autres types de cheveux.<\/p><p>Le tissage consiste \u00e0 fixer des extensions de cheveux, qu&rsquo;elles soient naturelles ou synth\u00e9tiques, sur les cheveux d&rsquo;origine. Cela se fait g\u00e9n\u00e9ralement par couture sur des tresses pr\u00e9alablement r\u00e9alis\u00e9es ou par collage.<\/p><h3 class=\"LNTPh _6rZU8 nyry2\">Types de Tissages<\/h3><ol start=\"1\"><li class=\"LNTPh aVNer nyry2\"><p class=\"LNTPh aVNer\"><strong class=\"LNTPh JtdkY\">Tissage ferm\u00e9<\/strong>\u00a0:<\/p><ul><li class=\"LNTPh aVNer nyry2\">Couvre enti\u00e8rement les cheveux naturels.<\/li><\/ul><\/li><li class=\"LNTPh aVNer nyry2\"><p class=\"LNTPh aVNer\"><strong class=\"LNTPh JtdkY\">Tissage demi-t\u00eate<\/strong>\u00a0:<\/p><ul><li class=\"LNTPh aVNer nyry2\">Permet de garder une partie des cheveux naturels visibles.<\/li><\/ul><\/li><li class=\"LNTPh aVNer nyry2\"><p class=\"LNTPh aVNer\"><strong class=\"LNTPh JtdkY\">Tissage ouvert<\/strong>\u00a0:<\/p><ul><li class=\"LNTPh aVNer nyry2\">Laisse quelques m\u00e8ches naturelles visibles.<\/li><\/ul><\/li><\/ol>\t\t\t\t\t\t\t\t<\/div>\n\t\t\t\t<\/div>\n\t\t\t\t<\/div>\n\t\t<div class=\"elementor-element elementor-element-646e113c e-con-full e-flex wpr-particle-no wpr-jarallax-no wpr-parallax-no wpr-sticky-section-no wpr-equal-height-no e-con e-child\" data-id=\"646e113c\" data-element_type=\"container\" data-e-type=\"container\">\n\t\t\t\t<div class=\"elementor-element elementor-element-49fd1dc6 wpr-button-icon-style-inline wpr-button-icon-position-right elementor-widget elementor-widget-wpr-button\" data-id=\"49fd1dc6\" data-element_type=\"widget\" data-e-type=\"widget\" data-widget_type=\"wpr-button.default\">\n\t\t\t\t<div class=\"elementor-widget-container\">\n\t\t\t\t\t\t\n\t\t\t\n\t\t\n\t\t<div class=\"wpr-button-wrap elementor-clearfix\">\n\t\t<div class=\"wpr-button wpr-button-effect wpr-button-none\" data-text=\"\" id=\"RDV\">\n\t\t\t\n\t\t\t<span class=\"wpr-button-content\">\n\t\t\t\t\t\t\t\t\t<span class=\"wpr-button-text\">Rendez-vous 06455537<\/span>\n\t\t\t\t\t\t\t\t\n\t\t\t\t\t\t\t\t\t<span class=\"wpr-button-icon\"><svg class=\"e-font-icon-svg e-fas-angle-right\" viewBox=\"0 0 256 512\" xmlns=\"http:\/\/www.w3.org\/2000\/svg\"><path d=\"M224.3 273l-136 136c-9.4 9.4-24.6 9.4-33.9 0l-22.6-22.6c-9.4-9.4-9.4-24.6 0-33.9l96.4-96.4-96.4-96.4c-9.4-9.4-9.4-24.6 0-33.9L54.3 103c9.4-9.4 24.6-9.4 33.9 0l136 136c9.5 9.4 9.5 24.6.1 34z\"><\/path><\/svg><\/span>\n\t\t\t\t\t\t\t<\/span>\n\t\t<\/div>\n\n\t\t\t\t<\/div>\n\t\n\t\n\t\t\t\t\t<\/div>\n\t\t\t\t<\/div>\n\t\t\t\t<\/div>\n\t\t\t\t<\/div>\n\t\t<div class=\"elementor-element elementor-element-26d7b2c e-con-full e-flex wpr-particle-no wpr-jarallax-no wpr-parallax-no wpr-sticky-section-no wpr-equal-height-no e-con e-child\" data-id=\"26d7b2c\" data-element_type=\"container\" data-e-type=\"container\">\n\t\t<div class=\"elementor-element elementor-element-658424dc e-con-full e-flex wpr-particle-no wpr-jarallax-no wpr-parallax-no wpr-sticky-section-no wpr-equal-height-no e-con e-child\" data-id=\"658424dc\" data-element_type=\"container\" data-e-type=\"container\">\n\t\t\t\t<div class=\"elementor-element elementor-element-fe29c83 elementor-widget elementor-widget-heading\" data-id=\"fe29c83\" data-element_type=\"widget\" data-e-type=\"widget\" data-widget_type=\"heading.default\">\n\t\t\t\t<div class=\"elementor-widget-container\">\n\t\t\t\t\t<h5 class=\"elementor-heading-title elementor-size-default\">Notre Tarif\nExtensions Capillaires<\/h5>\t\t\t\t<\/div>\n\t\t\t\t<\/div>\n\t\t\t\t<\/div>\n\t\t<div class=\"elementor-element elementor-element-440b8e15 e-flex e-con-boxed wpr-particle-no wpr-jarallax-no wpr-parallax-no wpr-sticky-section-no wpr-equal-height-no e-con e-child\" data-id=\"440b8e15\" data-element_type=\"container\" data-e-type=\"container\">\n\t\t\t\t\t<div class=\"e-con-inner\">\n\t\t<div class=\"elementor-element elementor-element-57fd1fac e-con-full e-flex wpr-particle-no wpr-jarallax-no wpr-parallax-no wpr-sticky-section-no wpr-equal-height-no e-con e-child\" data-id=\"57fd1fac\" data-element_type=\"container\" data-e-type=\"container\">\n\t\t\t\t<div class=\"elementor-element elementor-element-3010a391 elementor-widget elementor-widget-text-editor\" data-id=\"3010a391\" data-element_type=\"widget\" data-e-type=\"widget\" data-widget_type=\"text-editor.default\">\n\t\t\t\t<div class=\"elementor-widget-container\">\n\t\t\t\t\t\t\t\t\t<p>D\u00e9faire tissage + shampoing<\/p>\t\t\t\t\t\t\t\t<\/div>\n\t\t\t\t<\/div>\n\t\t\t\t<\/div>\n\t\t<div class=\"elementor-element elementor-element-5e514d59 e-con-full e-flex wpr-particle-no wpr-jarallax-no wpr-parallax-no wpr-sticky-section-no wpr-equal-height-no e-con e-child\" data-id=\"5e514d59\" data-element_type=\"container\" data-e-type=\"container\">\n\t\t\t\t<div class=\"elementor-element elementor-element-2589046e elementor-widget elementor-widget-text-editor\" data-id=\"2589046e\" data-element_type=\"widget\" data-e-type=\"widget\" data-widget_type=\"text-editor.default\">\n\t\t\t\t<div class=\"elementor-widget-container\">\n\t\t\t\t\t\t\t\t\t<p>A partir de 60 \u20ac<\/p>\t\t\t\t\t\t\t\t<\/div>\n\t\t\t\t<\/div>\n\t\t\t\t<\/div>\n\t\t\t\t\t<\/div>\n\t\t\t\t<\/div>\n\t\t<div class=\"elementor-element elementor-element-23ab1aed e-flex e-con-boxed wpr-particle-no wpr-jarallax-no wpr-parallax-no wpr-sticky-section-no wpr-equal-height-no e-con e-child\" data-id=\"23ab1aed\" data-element_type=\"container\" data-e-type=\"container\">\n\t\t\t\t\t<div class=\"e-con-inner\">\n\t\t<div class=\"elementor-element elementor-element-7b491cb3 e-con-full e-flex wpr-particle-no wpr-jarallax-no wpr-parallax-no wpr-sticky-section-no wpr-equal-height-no e-con e-child\" data-id=\"7b491cb3\" data-element_type=\"container\" data-e-type=\"container\">\n\t\t\t\t<div class=\"elementor-element elementor-element-4e676f50 elementor-widget elementor-widget-text-editor\" data-id=\"4e676f50\" data-element_type=\"widget\" data-e-type=\"widget\" data-widget_type=\"text-editor.default\">\n\t\t\t\t<div class=\"elementor-widget-container\">\n\t\t\t\t\t\t\t\t\t<p>Pose de tissage classique, tissage non fournies.<\/p>\t\t\t\t\t\t\t\t<\/div>\n\t\t\t\t<\/div>\n\t\t\t\t<\/div>\n\t\t<div class=\"elementor-element elementor-element-ad5e8a5 e-con-full e-flex wpr-particle-no wpr-jarallax-no wpr-parallax-no wpr-sticky-section-no wpr-equal-height-no e-con e-child\" data-id=\"ad5e8a5\" data-element_type=\"container\" data-e-type=\"container\">\n\t\t\t\t<div class=\"elementor-element elementor-element-49a70548 elementor-widget elementor-widget-text-editor\" data-id=\"49a70548\" data-element_type=\"widget\" data-e-type=\"widget\" data-widget_type=\"text-editor.default\">\n\t\t\t\t<div class=\"elementor-widget-container\">\n\t\t\t\t\t\t\t\t\t<p>A partir de 60 \u20ac<\/p>\t\t\t\t\t\t\t\t<\/div>\n\t\t\t\t<\/div>\n\t\t\t\t<\/div>\n\t\t\t\t\t<\/div>\n\t\t\t\t<\/div>\n\t\t<div class=\"elementor-element elementor-element-59d3d4b8 e-flex e-con-boxed wpr-particle-no wpr-jarallax-no wpr-parallax-no wpr-sticky-section-no wpr-equal-height-no e-con e-child\" data-id=\"59d3d4b8\" data-element_type=\"container\" data-e-type=\"container\">\n\t\t\t\t\t<div class=\"e-con-inner\">\n\t\t<div class=\"elementor-element elementor-element-1953e1dc e-con-full e-flex wpr-particle-no wpr-jarallax-no wpr-parallax-no wpr-sticky-section-no wpr-equal-height-no e-con e-child\" data-id=\"1953e1dc\" data-element_type=\"container\" data-e-type=\"container\">\n\t\t\t\t<div class=\"elementor-element elementor-element-77fa92c0 elementor-widget elementor-widget-text-editor\" data-id=\"77fa92c0\" data-element_type=\"widget\" data-e-type=\"widget\" data-widget_type=\"text-editor.default\">\n\t\t\t\t<div class=\"elementor-widget-container\">\n\t\t\t\t\t\t\t\t\t<p>Pose de tissage + closure, tissage non fournies.<\/p>\t\t\t\t\t\t\t\t<\/div>\n\t\t\t\t<\/div>\n\t\t\t\t<\/div>\n\t\t<div class=\"elementor-element elementor-element-7a8bd09e e-con-full e-flex wpr-particle-no wpr-jarallax-no wpr-parallax-no wpr-sticky-section-no wpr-equal-height-no e-con e-child\" data-id=\"7a8bd09e\" data-element_type=\"container\" data-e-type=\"container\">\n\t\t\t\t<div class=\"elementor-element elementor-element-37d15671 elementor-widget elementor-widget-text-editor\" data-id=\"37d15671\" data-element_type=\"widget\" data-e-type=\"widget\" data-widget_type=\"text-editor.default\">\n\t\t\t\t<div class=\"elementor-widget-container\">\n\t\t\t\t\t\t\t\t\t<p>A partir de 150 \u20ac<\/p>\t\t\t\t\t\t\t\t<\/div>\n\t\t\t\t<\/div>\n\t\t\t\t<\/div>\n\t\t\t\t\t<\/div>\n\t\t\t\t<\/div>\n\t\t<div class=\"elementor-element elementor-element-5f485e24 e-flex e-con-boxed wpr-particle-no wpr-jarallax-no wpr-parallax-no wpr-sticky-section-no wpr-equal-height-no e-con e-child\" data-id=\"5f485e24\" data-element_type=\"container\" data-e-type=\"container\">\n\t\t\t\t\t<div class=\"e-con-inner\">\n\t\t<div class=\"elementor-element elementor-element-1e75fe86 e-con-full e-flex wpr-particle-no wpr-jarallax-no wpr-parallax-no wpr-sticky-section-no wpr-equal-height-no e-con e-child\" data-id=\"1e75fe86\" data-element_type=\"container\" data-e-type=\"container\">\n\t\t\t\t<div class=\"elementor-element elementor-element-2f9a8367 elementor-widget elementor-widget-text-editor\" data-id=\"2f9a8367\" data-element_type=\"widget\" data-e-type=\"widget\" data-widget_type=\"text-editor.default\">\n\t\t\t\t<div class=\"elementor-widget-container\">\n\t\t\t\t\t\t\t\t\t<p>Pose de perruque, perruque non fournies.<\/p>\t\t\t\t\t\t\t\t<\/div>\n\t\t\t\t<\/div>\n\t\t\t\t<\/div>\n\t\t<div class=\"elementor-element elementor-element-4c76c820 e-con-full e-flex wpr-particle-no wpr-jarallax-no wpr-parallax-no wpr-sticky-section-no wpr-equal-height-no e-con e-child\" data-id=\"4c76c820\" data-element_type=\"container\" data-e-type=\"container\">\n\t\t\t\t<div class=\"elementor-element elementor-element-2df13d9d elementor-widget elementor-widget-text-editor\" data-id=\"2df13d9d\" data-element_type=\"widget\" data-e-type=\"widget\" data-widget_type=\"text-editor.default\">\n\t\t\t\t<div class=\"elementor-widget-container\">\n\t\t\t\t\t\t\t\t\t<p>A partir de 60 \u20ac<\/p>\t\t\t\t\t\t\t\t<\/div>\n\t\t\t\t<\/div>\n\t\t\t\t<\/div>\n\t\t\t\t\t<\/div>\n\t\t\t\t<\/div>\n\t\t\t\t<\/div>\n\t\t\t\t\t<\/div>\n\t\t\t\t<\/div>\n\t\t\t\t<\/div>\n\t\t","protected":false},"excerpt":{"rendered":"<p>Le\u00a0tissage\u00a0est une technique de coiffure populaire, particuli\u00e8rement chez les femmes aux cheveux cr\u00e9pus ou fris\u00e9s, mais elle est \u00e9galement adapt\u00e9e \u00e0 d&rsquo;autres types de cheveux. Le tissage consiste \u00e0 fixer des extensions de cheveux, qu&rsquo;elles soient naturelles ou synth\u00e9tiques, sur les cheveux d&rsquo;origine. Cela se fait g\u00e9n\u00e9ralement par couture sur des tresses pr\u00e9alablement r\u00e9alis\u00e9es ou par collage. Types de Tissages Tissage ferm\u00e9\u00a0: Couvre enti\u00e8rement les cheveux naturels. Tissage demi-t\u00eate\u00a0: Permet de garder une partie des cheveux naturels visibles. Tissage ouvert\u00a0: Laisse quelques m\u00e8ches naturelles visibles. Rendez-vous 06455537 Notre Tarif Extensions Capillaires D\u00e9faire tissage + shampoing A partir de 60 \u20ac Pose de tissage classique, tissage non fournies. A partir de 60 \u20ac Pose de tissage + closure, tissage non fournies. A partir de 150 \u20ac Pose de perruque, perruque non fournies. A partir de 60 \u20ac<\/p>\n","protected":false},"author":1,"featured_media":0,"parent":0,"menu_order":0,"comment_status":"open","ping_status":"closed","template":"","meta":{"_joinchat":[],"footnotes":""},"class_list":["post-1151","page","type-page","status-publish"],"yoast_head":"<!-- This site is optimized with the Yoast SEO plugin v27.4 - https:\/\/yoast.com\/product\/yoast-seo-wordpress\/ -->\n<title>Les tissages - Maki Coiffure<\/title>\n<meta name=\"robots\" content=\"index, follow, max-snippet:-1, max-image-preview:large, max-video-preview:-1\" \/>\n<link rel=\"canonical\" href=\"http:\/\/www.makicoiffure.fr\/index.php\/les-tissages\/\" \/>\n<meta property=\"og:locale\" content=\"fr_FR\" \/>\n<meta property=\"og:type\" content=\"article\" \/>\n<meta property=\"og:title\" content=\"Les tissages - Maki Coiffure\" \/>\n<meta property=\"og:description\" content=\"Le\u00a0tissage\u00a0est une technique de coiffure populaire, particuli\u00e8rement chez les femmes aux cheveux cr\u00e9pus ou fris\u00e9s, mais elle est \u00e9galement adapt\u00e9e \u00e0 d&rsquo;autres types de cheveux. Le tissage consiste \u00e0 fixer des extensions de cheveux, qu&rsquo;elles soient naturelles ou synth\u00e9tiques, sur les cheveux d&rsquo;origine. Cela se fait g\u00e9n\u00e9ralement par couture sur des tresses pr\u00e9alablement r\u00e9alis\u00e9es ou par collage. Types de Tissages Tissage ferm\u00e9\u00a0: Couvre enti\u00e8rement les cheveux naturels. Tissage demi-t\u00eate\u00a0: Permet de garder une partie des cheveux naturels visibles. Tissage ouvert\u00a0: Laisse quelques m\u00e8ches naturelles visibles. Rendez-vous 06455537 Notre Tarif Extensions Capillaires D\u00e9faire tissage + shampoing A partir de 60 \u20ac Pose de tissage classique, tissage non fournies. A partir de 60 \u20ac Pose de tissage + closure, tissage non fournies. A partir de 150 \u20ac Pose de perruque, perruque non fournies. A partir de 60 \u20ac\" \/>\n<meta property=\"og:url\" content=\"http:\/\/www.makicoiffure.fr\/index.php\/les-tissages\/\" \/>\n<meta property=\"og:site_name\" content=\"Maki Coiffure\" \/>\n<meta property=\"article:modified_time\" content=\"2025-11-26T14:44:19+00:00\" \/>\n<meta property=\"og:image\" content=\"http:\/\/www.makicoiffure.fr\/wp-content\/uploads\/2025\/04\/perruque.webp\" \/>\n<meta name=\"twitter:card\" content=\"summary_large_image\" \/>\n<meta name=\"twitter:label1\" content=\"Dur\u00e9e de lecture estim\u00e9e\" \/>\n\t<meta name=\"twitter:data1\" content=\"3 minutes\" \/>\n<script type=\"application\/ld+json\" class=\"yoast-schema-graph\">{\"@context\":\"https:\\\/\\\/schema.org\",\"@graph\":[{\"@type\":\"WebPage\",\"@id\":\"http:\\\/\\\/www.makicoiffure.fr\\\/index.php\\\/les-tissages\\\/\",\"url\":\"http:\\\/\\\/www.makicoiffure.fr\\\/index.php\\\/les-tissages\\\/\",\"name\":\"Les tissages - Maki Coiffure\",\"isPartOf\":{\"@id\":\"https:\\\/\\\/www.makicoiffure.fr\\\/#website\"},\"primaryImageOfPage\":{\"@id\":\"http:\\\/\\\/www.makicoiffure.fr\\\/index.php\\\/les-tissages\\\/#primaryimage\"},\"image\":{\"@id\":\"http:\\\/\\\/www.makicoiffure.fr\\\/index.php\\\/les-tissages\\\/#primaryimage\"},\"thumbnailUrl\":\"http:\\\/\\\/www.makicoiffure.fr\\\/wp-content\\\/uploads\\\/2025\\\/04\\\/perruque.webp\",\"datePublished\":\"2025-04-26T09:43:04+00:00\",\"dateModified\":\"2025-11-26T14:44:19+00:00\",\"breadcrumb\":{\"@id\":\"http:\\\/\\\/www.makicoiffure.fr\\\/index.php\\\/les-tissages\\\/#breadcrumb\"},\"inLanguage\":\"fr-FR\",\"potentialAction\":[{\"@type\":\"ReadAction\",\"target\":[\"http:\\\/\\\/www.makicoiffure.fr\\\/index.php\\\/les-tissages\\\/\"]}]},{\"@type\":\"ImageObject\",\"inLanguage\":\"fr-FR\",\"@id\":\"http:\\\/\\\/www.makicoiffure.fr\\\/index.php\\\/les-tissages\\\/#primaryimage\",\"url\":\"https:\\\/\\\/www.makicoiffure.fr\\\/wp-content\\\/uploads\\\/2025\\\/04\\\/perruque.webp\",\"contentUrl\":\"https:\\\/\\\/www.makicoiffure.fr\\\/wp-content\\\/uploads\\\/2025\\\/04\\\/perruque.webp\",\"width\":700,\"height\":1024},{\"@type\":\"BreadcrumbList\",\"@id\":\"http:\\\/\\\/www.makicoiffure.fr\\\/index.php\\\/les-tissages\\\/#breadcrumb\",\"itemListElement\":[{\"@type\":\"ListItem\",\"position\":1,\"name\":\"Accueil\",\"item\":\"https:\\\/\\\/www.makicoiffure.fr\\\/\"},{\"@type\":\"ListItem\",\"position\":2,\"name\":\"Les tissages\"}]},{\"@type\":\"WebSite\",\"@id\":\"https:\\\/\\\/www.makicoiffure.fr\\\/#website\",\"url\":\"https:\\\/\\\/www.makicoiffure.fr\\\/\",\"name\":\"Maki Coiffure\",\"description\":\"La coiffure de r\u00eave\",\"potentialAction\":[{\"@type\":\"SearchAction\",\"target\":{\"@type\":\"EntryPoint\",\"urlTemplate\":\"https:\\\/\\\/www.makicoiffure.fr\\\/?s={search_term_string}\"},\"query-input\":{\"@type\":\"PropertyValueSpecification\",\"valueRequired\":true,\"valueName\":\"search_term_string\"}}],\"inLanguage\":\"fr-FR\"}]}<\/script>\n<!-- \/ Yoast SEO plugin. -->","yoast_head_json":{"title":"Les tissages - Maki Coiffure","robots":{"index":"index","follow":"follow","max-snippet":"max-snippet:-1","max-image-preview":"max-image-preview:large","max-video-preview":"max-video-preview:-1"},"canonical":"http:\/\/www.makicoiffure.fr\/index.php\/les-tissages\/","og_locale":"fr_FR","og_type":"article","og_title":"Les tissages - Maki Coiffure","og_description":"Le\u00a0tissage\u00a0est une technique de coiffure populaire, particuli\u00e8rement chez les femmes aux cheveux cr\u00e9pus ou fris\u00e9s, mais elle est \u00e9galement adapt\u00e9e \u00e0 d&rsquo;autres types de cheveux. Le tissage consiste \u00e0 fixer des extensions de cheveux, qu&rsquo;elles soient naturelles ou synth\u00e9tiques, sur les cheveux d&rsquo;origine. Cela se fait g\u00e9n\u00e9ralement par couture sur des tresses pr\u00e9alablement r\u00e9alis\u00e9es ou par collage. Types de Tissages Tissage ferm\u00e9\u00a0: Couvre enti\u00e8rement les cheveux naturels. Tissage demi-t\u00eate\u00a0: Permet de garder une partie des cheveux naturels visibles. Tissage ouvert\u00a0: Laisse quelques m\u00e8ches naturelles visibles. Rendez-vous 06455537 Notre Tarif Extensions Capillaires D\u00e9faire tissage + shampoing A partir de 60 \u20ac Pose de tissage classique, tissage non fournies. A partir de 60 \u20ac Pose de tissage + closure, tissage non fournies. A partir de 150 \u20ac Pose de perruque, perruque non fournies. A partir de 60 \u20ac","og_url":"http:\/\/www.makicoiffure.fr\/index.php\/les-tissages\/","og_site_name":"Maki Coiffure","article_modified_time":"2025-11-26T14:44:19+00:00","og_image":[{"url":"http:\/\/www.makicoiffure.fr\/wp-content\/uploads\/2025\/04\/perruque.webp","type":"","width":"","height":""}],"twitter_card":"summary_large_image","twitter_misc":{"Dur\u00e9e de lecture estim\u00e9e":"3 minutes"},"schema":{"@context":"https:\/\/schema.org","@graph":[{"@type":"WebPage","@id":"http:\/\/www.makicoiffure.fr\/index.php\/les-tissages\/","url":"http:\/\/www.makicoiffure.fr\/index.php\/les-tissages\/","name":"Les tissages - Maki Coiffure","isPartOf":{"@id":"https:\/\/www.makicoiffure.fr\/#website"},"primaryImageOfPage":{"@id":"http:\/\/www.makicoiffure.fr\/index.php\/les-tissages\/#primaryimage"},"image":{"@id":"http:\/\/www.makicoiffure.fr\/index.php\/les-tissages\/#primaryimage"},"thumbnailUrl":"http:\/\/www.makicoiffure.fr\/wp-content\/uploads\/2025\/04\/perruque.webp","datePublished":"2025-04-26T09:43:04+00:00","dateModified":"2025-11-26T14:44:19+00:00","breadcrumb":{"@id":"http:\/\/www.makicoiffure.fr\/index.php\/les-tissages\/#breadcrumb"},"inLanguage":"fr-FR","potentialAction":[{"@type":"ReadAction","target":["http:\/\/www.makicoiffure.fr\/index.php\/les-tissages\/"]}]},{"@type":"ImageObject","inLanguage":"fr-FR","@id":"http:\/\/www.makicoiffure.fr\/index.php\/les-tissages\/#primaryimage","url":"https:\/\/www.makicoiffure.fr\/wp-content\/uploads\/2025\/04\/perruque.webp","contentUrl":"https:\/\/www.makicoiffure.fr\/wp-content\/uploads\/2025\/04\/perruque.webp","width":700,"height":1024},{"@type":"BreadcrumbList","@id":"http:\/\/www.makicoiffure.fr\/index.php\/les-tissages\/#breadcrumb","itemListElement":[{"@type":"ListItem","position":1,"name":"Accueil","item":"https:\/\/www.makicoiffure.fr\/"},{"@type":"ListItem","position":2,"name":"Les tissages"}]},{"@type":"WebSite","@id":"https:\/\/www.makicoiffure.fr\/#website","url":"https:\/\/www.makicoiffure.fr\/","name":"Maki Coiffure","description":"La coiffure de r\u00eave","potentialAction":[{"@type":"SearchAction","target":{"@type":"EntryPoint","urlTemplate":"https:\/\/www.makicoiffure.fr\/?s={search_term_string}"},"query-input":{"@type":"PropertyValueSpecification","valueRequired":true,"valueName":"search_term_string"}}],"inLanguage":"fr-FR"}]}},"_links":{"self":[{"href":"https:\/\/www.makicoiffure.fr\/index.php\/wp-json\/wp\/v2\/pages\/1151","targetHints":{"allow":["GET"]}}],"collection":[{"href":"https:\/\/www.makicoiffure.fr\/index.php\/wp-json\/wp\/v2\/pages"}],"about":[{"href":"https:\/\/www.makicoiffure.fr\/index.php\/wp-json\/wp\/v2\/types\/page"}],"author":[{"embeddable":true,"href":"https:\/\/www.makicoiffure.fr\/index.php\/wp-json\/wp\/v2\/users\/1"}],"replies":[{"embeddable":true,"href":"https:\/\/www.makicoiffure.fr\/index.php\/wp-json\/wp\/v2\/comments?post=1151"}],"version-history":[{"count":25,"href":"https:\/\/www.makicoiffure.fr\/index.php\/wp-json\/wp\/v2\/pages\/1151\/revisions"}],"predecessor-version":[{"id":1393,"href":"https:\/\/www.makicoiffure.fr\/index.php\/wp-json\/wp\/v2\/pages\/1151\/revisions\/1393"}],"wp:attachment":[{"href":"https:\/\/www.makicoiffure.fr\/index.php\/wp-json\/wp\/v2\/media?parent=1151"}],"curies":[{"name":"wp","href":"https:\/\/api.w.org\/{rel}","templated":true}]}}